{"id":542,"date":"2020-12-24T19:35:05","date_gmt":"2020-12-25T01:35:05","guid":{"rendered":"http:\/\/www.naveducando.pixelia.biz\/?page_id=542"},"modified":"2021-01-09T16:47:39","modified_gmt":"2021-01-09T22:47:39","slug":"privacy-policy","status":"publish","type":"page","link":"https:\/\/naveducando.org\/es\/privacy-policy\/","title":{"rendered":"Pol\u00edtica de Privacidad"},"content":{"rendered":"<div data-elementor-type=\"wp-page\" data-elementor-id=\"542\" class=\"elementor elementor-542\" data-elementor-post-type=\"page\">\n\t\t\t\t\t\t<section class=\"elementor-section elementor-top-section elementor-element elementor-element-74f87e9 elementor-section-full_width elementor-section-height-min-height elementor-section-items-bottom elementor-section-content-bottom elementor-section-height-default\" data-id=\"74f87e9\" data-element_type=\"section\" data-settings=\"{&quot;background_background&quot;:&quot;classic&quot;}\">\n\t\t\t\t\t\t<div class=\"elementor-container elementor-column-gap-no\">\n\t\t\t\t\t<div class=\"elementor-column elementor-col-100 elementor-top-column elementor-element elementor-element-6886a55\" data-id=\"6886a55\" data-element_type=\"column\">\n\t\t\t<div class=\"elementor-widget-wrap elementor-element-populated\">\n\t\t\t\t\t\t<div class=\"elementor-element elementor-element-bc95c53 elementor-widget elementor-widget-text-editor\" data-id=\"bc95c53\" data-element_type=\"widget\" data-widget_type=\"text-editor.default\">\n\t\t\t\t<div class=\"elementor-widget-container\">\n\t\t\t\t\t\t\t\t\t<p>Naveducando<\/p>\t\t\t\t\t\t\t\t<\/div>\n\t\t\t\t<\/div>\n\t\t\t\t\t<\/div>\n\t\t<\/div>\n\t\t\t\t\t<\/div>\n\t\t<\/section>\n\t\t\t\t<section class=\"elementor-section elementor-top-section elementor-element elementor-element-7d03395 elementor-section-full_width elementor-section-height-default elementor-section-height-default\" data-id=\"7d03395\" data-element_type=\"section\" data-settings=\"{&quot;background_background&quot;:&quot;classic&quot;}\">\n\t\t\t\t\t\t<div class=\"elementor-container elementor-column-gap-default\">\n\t\t\t\t\t<div class=\"elementor-column elementor-col-100 elementor-top-column elementor-element elementor-element-9432b08\" data-id=\"9432b08\" data-element_type=\"column\">\n\t\t\t<div class=\"elementor-widget-wrap elementor-element-populated\">\n\t\t\t\t\t\t<div class=\"elementor-element elementor-element-72dfda1 elementor-widget elementor-widget-heading\" data-id=\"72dfda1\" data-element_type=\"widget\" data-widget_type=\"heading.default\">\n\t\t\t\t<div class=\"elementor-widget-container\">\n\t\t\t\t\t<h1 class=\"elementor-heading-title elementor-size-default\">Pol\u00edtica de Privacidad<\/h1>\t\t\t\t<\/div>\n\t\t\t\t<\/div>\n\t\t\t\t<div class=\"elementor-element elementor-element-98e5d74 elementor-widget elementor-widget-image\" data-id=\"98e5d74\" data-element_type=\"widget\" data-widget_type=\"image.default\">\n\t\t\t\t<div class=\"elementor-widget-container\">\n\t\t\t\t\t\t\t\t\t\t\t\t\t\t\t<img decoding=\"async\" width=\"540\" height=\"60\" src=\"https:\/\/naveducando.org\/wp-content\/uploads\/2020\/12\/galapagos-text-montserrat-80-heavy.png\" class=\"attachment-large size-large wp-image-514\" alt=\"\" srcset=\"https:\/\/naveducando.org\/wp-content\/uploads\/2020\/12\/galapagos-text-montserrat-80-heavy.png 540w, https:\/\/naveducando.org\/wp-content\/uploads\/2020\/12\/galapagos-text-montserrat-80-heavy-16x2.png 16w\" sizes=\"(max-width: 540px) 100vw, 540px\" \/>\t\t\t\t\t\t\t\t\t\t\t\t\t\t\t<\/div>\n\t\t\t\t<\/div>\n\t\t\t\t\t<\/div>\n\t\t<\/div>\n\t\t\t\t\t<\/div>\n\t\t<\/section>\n\t\t\t\t<section class=\"elementor-section elementor-top-section elementor-element elementor-element-d881e09 elementor-section-full_width elementor-section-height-default elementor-section-height-default\" data-id=\"d881e09\" data-element_type=\"section\">\n\t\t\t\t\t\t\t<div class=\"elementor-background-overlay\"><\/div>\n\t\t\t\t\t\t\t<div class=\"elementor-container elementor-column-gap-default\">\n\t\t\t\t\t<div class=\"elementor-column elementor-col-100 elementor-top-column elementor-element elementor-element-0f39acd\" data-id=\"0f39acd\" data-element_type=\"column\">\n\t\t\t<div class=\"elementor-widget-wrap elementor-element-populated\">\n\t\t\t\t\t\t<div class=\"elementor-element elementor-element-0729a2a elementor-widget elementor-widget-text-editor\" data-id=\"0729a2a\" data-element_type=\"widget\" data-widget_type=\"text-editor.default\">\n\t\t\t\t<div class=\"elementor-widget-container\">\n\t\t\t\t\t\t\t\t\t<p>Su privacidad es importante para nosotros. Es pol\u00edtica de la Fundaci\u00f3n Naveducando respetar su privacidad con respecto a cualquier informaci\u00f3n que podamos recopilar de usted a trav\u00e9s de nuestro sitio web, naveducando.org, y otros sitios que poseemos y operamos.<\/p>\n<p>Solo solicitamos informaci\u00f3n personal cuando realmente la necesitamos para brindarle un servicio. La recopilamos por medios justos y legales, con su conocimiento y consentimiento. Tambi\u00e9n le informamos por qu\u00e9 lo recopilamos y c\u00f3mo se utilizar\u00e1.<\/p>\n<p>Solo retenemos la informaci\u00f3n recopilada durante el tiempo que sea necesario para brindarle el servicio solicitado. Los datos que almacenamos los protegeremos dentro de medios comercialmente aceptables para evitar p\u00e9rdidas y robos, as\u00ed como acceso, divulgaci\u00f3n, copia, uso o modificaci\u00f3n no autorizados.<\/p>\n<p>No compartimos ninguna informaci\u00f3n de identificaci\u00f3n personal p\u00fablicamente ni con terceros, excepto cuando as\u00ed lo requiera la ley.<\/p>\n<p>Nuestro sitio web puede tener enlaces a sitios externos que no son operados por nosotros. Tenga en cuenta que no tenemos control sobre el contenido y las pr\u00e1cticas de estos sitios y no podemos aceptar responsabilidad u obligaci\u00f3n por sus respectivas pol\u00edticas de privacidad.<\/p>\n<p>Usted es libre de rechazar nuestra solicitud de informaci\u00f3n personal, en el entendimiento de que es posible que no podamos brindarle algunos de los servicios que desea.<\/p>\n<p>Su uso continuado de nuestro sitio web se considerar\u00e1 una aceptaci\u00f3n de nuestras pr\u00e1cticas en materia de privacidad e informaci\u00f3n personal. Si tiene alguna pregunta sobre c\u00f3mo manejamos los datos del usuario y la informaci\u00f3n personal, no dude en contactarnos.<\/p>\n<p>Esta pol\u00edtica es efectiva a partir del 27 de diciembre de 2020.<\/p>\t\t\t\t\t\t\t\t<\/div>\n\t\t\t\t<\/div>\n\t\t\t\t\t<\/div>\n\t\t<\/div>\n\t\t\t\t\t<\/div>\n\t\t<\/section>\n\t\t\t\t<\/div>","protected":false},"excerpt":{"rendered":"<p>Pol\u00edtica de privacidad de Naveducando Su privacidad es importante para nosotros. Es pol\u00edtica de la Fundaci\u00f3n Naveducando respetar su privacidad con respecto a cualquier informaci\u00f3n que podamos recopilar de usted a trav\u00e9s de nuestro sitio web, naveducando.org, y otros sitios que poseemos y operamos. S\u00f3lo solicitamos informaci\u00f3n personal cuando realmente la necesitamos para prestarle un servicio. Nosotros [...]<\/p>","protected":false},"author":6,"featured_media":0,"parent":0,"menu_order":0,"comment_status":"closed","ping_status":"closed","template":"","meta":{"om_disable_all_campaigns":false,"_monsterinsights_skip_tracking":false,"_monsterinsights_sitenote_active":false,"_monsterinsights_sitenote_note":"","_monsterinsights_sitenote_category":0,"_uf_show_specific_survey":0,"_uf_disable_surveys":false,"footnotes":""},"class_list":["post-542","page","type-page","status-publish","hentry"],"aioseo_notices":[],"yoast_head":"<!-- This site is optimized with the Yoast SEO plugin v25.7 - https:\/\/yoast.com\/wordpress\/plugins\/seo\/ -->\n<title>Privacy Policy - Naveducando Galapagos<\/title>\n<meta name=\"robots\" content=\"index, follow, max-snippet:-1, max-image-preview:large, max-video-preview:-1\" \/>\n<link rel=\"canonical\" href=\"https:\/\/naveducando.org\/es\/privacy-policy\/\" \/>\n<meta property=\"og:locale\" content=\"es_ES\" \/>\n<meta property=\"og:type\" content=\"article\" \/>\n<meta property=\"og:title\" content=\"Privacy Policy - Naveducando Galapagos\" \/>\n<meta property=\"og:description\" content=\"Naveducando Privacy Policy Your privacy is important to us. It is Naveducando Foundation&#8217;s policy to respect your privacy regarding any information we may collect from you across our website, naveducando.org, and other sites we own and operate. We only ask for personal information when we truly need it to provide a service to you. We [&hellip;]\" \/>\n<meta property=\"og:url\" content=\"https:\/\/naveducando.org\/es\/privacy-policy\/\" \/>\n<meta property=\"og:site_name\" content=\"Naveducando\" \/>\n<meta property=\"article:modified_time\" content=\"2021-01-09T22:47:39+00:00\" \/>\n<meta property=\"og:image\" content=\"http:\/\/www.naveducando.pixelia.biz\/wp-content\/uploads\/2020\/12\/galapagos-text-montserrat-80-heavy.png\" \/>\n<meta name=\"twitter:card\" content=\"summary_large_image\" \/>\n<meta name=\"twitter:label1\" content=\"Tiempo de lectura\" \/>\n\t<meta name=\"twitter:data1\" content=\"1 minuto\" \/>\n<script type=\"application\/ld+json\" class=\"yoast-schema-graph\">{\"@context\":\"https:\/\/schema.org\",\"@graph\":[{\"@type\":\"WebPage\",\"@id\":\"https:\/\/naveducando.org\/en\/privacy-policy\/\",\"url\":\"https:\/\/naveducando.org\/en\/privacy-policy\/\",\"name\":\"Privacy Policy - Naveducando Galapagos\",\"isPartOf\":{\"@id\":\"https:\/\/naveducando.org\/en\/#website\"},\"primaryImageOfPage\":{\"@id\":\"https:\/\/naveducando.org\/en\/privacy-policy\/#primaryimage\"},\"image\":{\"@id\":\"https:\/\/naveducando.org\/en\/privacy-policy\/#primaryimage\"},\"thumbnailUrl\":\"http:\/\/www.naveducando.pixelia.biz\/wp-content\/uploads\/2020\/12\/galapagos-text-montserrat-80-heavy.png\",\"datePublished\":\"2020-12-25T01:35:05+00:00\",\"dateModified\":\"2021-01-09T22:47:39+00:00\",\"breadcrumb\":{\"@id\":\"https:\/\/naveducando.org\/en\/privacy-policy\/#breadcrumb\"},\"inLanguage\":\"es\",\"potentialAction\":[{\"@type\":\"ReadAction\",\"target\":[\"https:\/\/naveducando.org\/en\/privacy-policy\/\"]}]},{\"@type\":\"ImageObject\",\"inLanguage\":\"es\",\"@id\":\"https:\/\/naveducando.org\/en\/privacy-policy\/#primaryimage\",\"url\":\"http:\/\/www.naveducando.pixelia.biz\/wp-content\/uploads\/2020\/12\/galapagos-text-montserrat-80-heavy.png\",\"contentUrl\":\"http:\/\/www.naveducando.pixelia.biz\/wp-content\/uploads\/2020\/12\/galapagos-text-montserrat-80-heavy.png\"},{\"@type\":\"BreadcrumbList\",\"@id\":\"https:\/\/naveducando.org\/en\/privacy-policy\/#breadcrumb\",\"itemListElement\":[{\"@type\":\"ListItem\",\"position\":1,\"name\":\"Home\",\"item\":\"https:\/\/naveducando.org\/en\/\"},{\"@type\":\"ListItem\",\"position\":2,\"name\":\"Privacy Policy\"}]},{\"@type\":\"WebSite\",\"@id\":\"https:\/\/naveducando.org\/en\/#website\",\"url\":\"https:\/\/naveducando.org\/en\/\",\"name\":\"Naveducando\",\"description\":\"Opening Minds and Hearts for Galapagos\",\"potentialAction\":[{\"@type\":\"SearchAction\",\"target\":{\"@type\":\"EntryPoint\",\"urlTemplate\":\"https:\/\/naveducando.org\/en\/?s={search_term_string}\"},\"query-input\":{\"@type\":\"PropertyValueSpecification\",\"valueRequired\":true,\"valueName\":\"search_term_string\"}}],\"inLanguage\":\"es\"}]}<\/script>\n<!-- \/ Yoast SEO plugin. -->","yoast_head_json":{"title":"Privacy Policy - Naveducando Galapagos","robots":{"index":"index","follow":"follow","max-snippet":"max-snippet:-1","max-image-preview":"max-image-preview:large","max-video-preview":"max-video-preview:-1"},"canonical":"https:\/\/naveducando.org\/es\/privacy-policy\/","og_locale":"es_ES","og_type":"article","og_title":"Privacy Policy - Naveducando Galapagos","og_description":"Naveducando Privacy Policy Your privacy is important to us. It is Naveducando Foundation&#8217;s policy to respect your privacy regarding any information we may collect from you across our website, naveducando.org, and other sites we own and operate. We only ask for personal information when we truly need it to provide a service to you. We [&hellip;]","og_url":"https:\/\/naveducando.org\/es\/privacy-policy\/","og_site_name":"Naveducando","article_modified_time":"2021-01-09T22:47:39+00:00","og_image":[{"url":"http:\/\/www.naveducando.pixelia.biz\/wp-content\/uploads\/2020\/12\/galapagos-text-montserrat-80-heavy.png","type":"","width":"","height":""}],"twitter_card":"summary_large_image","twitter_misc":{"Tiempo de lectura":"1 minuto"},"schema":{"@context":"https:\/\/schema.org","@graph":[{"@type":"WebPage","@id":"https:\/\/naveducando.org\/en\/privacy-policy\/","url":"https:\/\/naveducando.org\/en\/privacy-policy\/","name":"Privacy Policy - Naveducando Galapagos","isPartOf":{"@id":"https:\/\/naveducando.org\/en\/#website"},"primaryImageOfPage":{"@id":"https:\/\/naveducando.org\/en\/privacy-policy\/#primaryimage"},"image":{"@id":"https:\/\/naveducando.org\/en\/privacy-policy\/#primaryimage"},"thumbnailUrl":"http:\/\/www.naveducando.pixelia.biz\/wp-content\/uploads\/2020\/12\/galapagos-text-montserrat-80-heavy.png","datePublished":"2020-12-25T01:35:05+00:00","dateModified":"2021-01-09T22:47:39+00:00","breadcrumb":{"@id":"https:\/\/naveducando.org\/en\/privacy-policy\/#breadcrumb"},"inLanguage":"es","potentialAction":[{"@type":"ReadAction","target":["https:\/\/naveducando.org\/en\/privacy-policy\/"]}]},{"@type":"ImageObject","inLanguage":"es","@id":"https:\/\/naveducando.org\/en\/privacy-policy\/#primaryimage","url":"http:\/\/www.naveducando.pixelia.biz\/wp-content\/uploads\/2020\/12\/galapagos-text-montserrat-80-heavy.png","contentUrl":"http:\/\/www.naveducando.pixelia.biz\/wp-content\/uploads\/2020\/12\/galapagos-text-montserrat-80-heavy.png"},{"@type":"BreadcrumbList","@id":"https:\/\/naveducando.org\/en\/privacy-policy\/#breadcrumb","itemListElement":[{"@type":"ListItem","position":1,"name":"Home","item":"https:\/\/naveducando.org\/en\/"},{"@type":"ListItem","position":2,"name":"Privacy Policy"}]},{"@type":"WebSite","@id":"https:\/\/naveducando.org\/en\/#website","url":"https:\/\/naveducando.org\/en\/","name":"Naveducando","description":"Abriendo mentes y corazones para Gal\u00e1pagos","potentialAction":[{"@type":"SearchAction","target":{"@type":"EntryPoint","urlTemplate":"https:\/\/naveducando.org\/en\/?s={search_term_string}"},"query-input":{"@type":"PropertyValueSpecification","valueRequired":true,"valueName":"search_term_string"}}],"inLanguage":"es"}]}},"_links":{"self":[{"href":"https:\/\/naveducando.org\/es\/wp-json\/wp\/v2\/pages\/542","targetHints":{"allow":["GET"]}}],"collection":[{"href":"https:\/\/naveducando.org\/es\/wp-json\/wp\/v2\/pages"}],"about":[{"href":"https:\/\/naveducando.org\/es\/wp-json\/wp\/v2\/types\/page"}],"author":[{"embeddable":true,"href":"https:\/\/naveducando.org\/es\/wp-json\/wp\/v2\/users\/6"}],"replies":[{"embeddable":true,"href":"https:\/\/naveducando.org\/es\/wp-json\/wp\/v2\/comments?post=542"}],"version-history":[{"count":0,"href":"https:\/\/naveducando.org\/es\/wp-json\/wp\/v2\/pages\/542\/revisions"}],"wp:attachment":[{"href":"https:\/\/naveducando.org\/es\/wp-json\/wp\/v2\/media?parent=542"}],"curies":[{"name":"wp","href":"https:\/\/api.w.org\/{rel}","templated":true}]}}