{"id":2994,"date":"2024-11-20T08:38:57","date_gmt":"2024-11-20T14:38:57","guid":{"rendered":"https:\/\/naveducando.org\/?page_id=2994"},"modified":"2024-12-10T09:39:44","modified_gmt":"2024-12-10T15:39:44","slug":"home","status":"publish","type":"page","link":"https:\/\/naveducando.org\/es\/","title":{"rendered":"Inicio"},"content":{"rendered":"<div data-elementor-type=\"wp-page\" data-elementor-id=\"2994\" class=\"elementor elementor-2994\" data-elementor-post-type=\"page\">\n\t\t\t\t\t\t<section class=\"elementor-section elementor-top-section elementor-element elementor-element-3d52a40 elementor-section-full_width elementor-section-height-min-height elementor-section-items-bottom elementor-section-height-default\" data-id=\"3d52a40\" data-element_type=\"section\" data-settings=\"{&quot;background_background&quot;:&quot;classic&quot;}\">\n\t\t\t\t\t\t\t<div class=\"elementor-background-overlay\"><\/div>\n\t\t\t\t\t\t\t<div class=\"elementor-container elementor-column-gap-default\">\n\t\t\t\t\t<div class=\"elementor-column elementor-col-50 elementor-top-column elementor-element elementor-element-40ed76d\" data-id=\"40ed76d\" data-element_type=\"column\" data-settings=\"{&quot;background_background&quot;:&quot;classic&quot;}\">\n\t\t\t<div class=\"elementor-widget-wrap\">\n\t\t\t\t\t\t\t<\/div>\n\t\t<\/div>\n\t\t\t\t<div class=\"elementor-column elementor-col-50 elementor-top-column elementor-element elementor-element-7510f95\" data-id=\"7510f95\" data-element_type=\"column\">\n\t\t\t<div class=\"elementor-widget-wrap elementor-element-populated\">\n\t\t\t\t\t\t<div class=\"elementor-element elementor-element-d40f260 elementor-widget elementor-widget-text-editor\" data-id=\"d40f260\" data-element_type=\"widget\" data-widget_type=\"text-editor.default\">\n\t\t\t\t<div class=\"elementor-widget-container\">\n\t\t\t\t\t\t\t\t\tAbriendo mentes y corazones para Gal\u00e1pagos\t\t\t\t\t\t\t\t<\/div>\n\t\t\t\t<\/div>\n\t\t\t\t\t<\/div>\n\t\t<\/div>\n\t\t\t\t\t<\/div>\n\t\t<\/section>\n\t\t\t\t<section class=\"elementor-section elementor-top-section elementor-element elementor-element-0990a2e elementor-section-full_width elementor-section-height-default elementor-section-height-default\" data-id=\"0990a2e\" data-element_type=\"section\" data-settings=\"{&quot;background_background&quot;:&quot;classic&quot;}\">\n\t\t\t\t\t\t\t<div class=\"elementor-background-overlay\"><\/div>\n\t\t\t\t\t\t\t<div class=\"elementor-container elementor-column-gap-default\">\n\t\t\t\t\t<div class=\"elementor-column elementor-col-100 elementor-top-column elementor-element elementor-element-926e207\" data-id=\"926e207\" data-element_type=\"column\">\n\t\t\t<div class=\"elementor-widget-wrap elementor-element-populated\">\n\t\t\t\t\t\t<div class=\"elementor-element elementor-element-5ad9e37 elementor-widget elementor-widget-heading\" data-id=\"5ad9e37\" data-element_type=\"widget\" data-widget_type=\"heading.default\">\n\t\t\t\t<div class=\"elementor-widget-container\">\n\t\t\t\t\t<h2 class=\"elementor-heading-title elementor-size-default\">Conservaci\u00f3n a trav\u00e9s de la educaci\u00f3n<\/h2>\t\t\t\t<\/div>\n\t\t\t\t<\/div>\n\t\t\t\t<div class=\"elementor-element elementor-element-f992d3c elementor-widget elementor-widget-text-editor\" data-id=\"f992d3c\" data-element_type=\"widget\" data-widget_type=\"text-editor.default\">\n\t\t\t\t<div class=\"elementor-widget-container\">\n\t\t\t\t\t\t\t\t\t<p>\u201cAbriendo mentes y corazones para Gal\u00e1pagos\u201d refleja nuestra profunda creencia de que podemos lograr la conservaci\u00f3n a trav\u00e9s de la educaci\u00f3n. La gente ama lo que sabe y protege lo que ama. Creemos que fomentar un sentido de amor y respeto a trav\u00e9s de programas educativos y de divulgaci\u00f3n crear\u00e1 defensores apasionados de las islas y los motivar\u00e1 a conservar este ecosistema \u00fanico y precioso para las generaciones futuras.<\/p>\t\t\t\t\t\t\t\t<\/div>\n\t\t\t\t<\/div>\n\t\t\t\t<div class=\"elementor-element elementor-element-9d6de95 elementor-widget elementor-widget-spacer\" data-id=\"9d6de95\" data-element_type=\"widget\" data-widget_type=\"spacer.default\">\n\t\t\t\t<div class=\"elementor-widget-container\">\n\t\t\t\t\t\t\t<div class=\"elementor-spacer\">\n\t\t\t<div class=\"elementor-spacer-inner\"><\/div>\n\t\t<\/div>\n\t\t\t\t\t\t<\/div>\n\t\t\t\t<\/div>\n\t\t\t\t<div class=\"elementor-element elementor-element-2f49c75 elementor-align-justify elementor-widget__width-initial elementor-widget elementor-widget-button\" data-id=\"2f49c75\" data-element_type=\"widget\" data-widget_type=\"button.default\">\n\t\t\t\t<div class=\"elementor-widget-container\">\n\t\t\t\t\t\t\t\t\t<div class=\"elementor-button-wrapper\">\n\t\t\t\t\t<a class=\"elementor-button elementor-button-link elementor-size-sm\" href=\"\/es\/get-involved\/#donate\" id=\"donate\">\n\t\t\t\t\t\t<span class=\"elementor-button-content-wrapper\">\n\t\t\t\t\t\t\t\t\t<span class=\"elementor-button-text\">Donar<\/span>\n\t\t\t\t\t<\/span>\n\t\t\t\t\t<\/a>\n\t\t\t\t<\/div>\n\t\t\t\t\t\t\t\t<\/div>\n\t\t\t\t<\/div>\n\t\t\t\t<div class=\"elementor-element elementor-element-a46d2f2 elementor-align-justify elementor-widget__width-initial elementor-widget elementor-widget-button\" data-id=\"a46d2f2\" data-element_type=\"widget\" data-widget_type=\"button.default\">\n\t\t\t\t<div class=\"elementor-widget-container\">\n\t\t\t\t\t\t\t\t\t<div class=\"elementor-button-wrapper\">\n\t\t\t\t\t<a class=\"elementor-button elementor-button-link elementor-size-sm\" href=\"https:\/\/galapagosinfinito.us21.list-manage.com\/subscribe?u=6f1e016659d99073c70068efb&#038;id=29fd8c5270\" target=\"_blank\" id=\"Subscribe\">\n\t\t\t\t\t\t<span class=\"elementor-button-content-wrapper\">\n\t\t\t\t\t\t\t\t\t<span class=\"elementor-button-text\">Suscr\u00edbase a<\/span>\n\t\t\t\t\t<\/span>\n\t\t\t\t\t<\/a>\n\t\t\t\t<\/div>\n\t\t\t\t\t\t\t\t<\/div>\n\t\t\t\t<\/div>\n\t\t\t\t\t<\/div>\n\t\t<\/div>\n\t\t\t\t\t<\/div>\n\t\t<\/section>\n\t\t\t\t<section class=\"elementor-section elementor-top-section elementor-element elementor-element-271b283 elementor-section-boxed elementor-section-height-default elementor-section-height-default\" data-id=\"271b283\" data-element_type=\"section\">\n\t\t\t\t\t\t<div class=\"elementor-container elementor-column-gap-default\">\n\t\t\t\t\t<div class=\"elementor-column elementor-col-100 elementor-top-column elementor-element elementor-element-46034ea\" data-id=\"46034ea\" data-element_type=\"column\">\n\t\t\t<div class=\"elementor-widget-wrap elementor-element-populated\">\n\t\t\t\t\t\t<div class=\"elementor-element elementor-element-55e927e elementor-widget elementor-widget-spacer\" data-id=\"55e927e\" data-element_type=\"widget\" data-widget_type=\"spacer.default\">\n\t\t\t\t<div class=\"elementor-widget-container\">\n\t\t\t\t\t\t\t<div class=\"elementor-spacer\">\n\t\t\t<div class=\"elementor-spacer-inner\"><\/div>\n\t\t<\/div>\n\t\t\t\t\t\t<\/div>\n\t\t\t\t<\/div>\n\t\t\t\t<div class=\"elementor-element elementor-element-f77ae68 elementor-widget elementor-widget-heading\" data-id=\"f77ae68\" data-element_type=\"widget\" data-widget_type=\"heading.default\">\n\t\t\t\t<div class=\"elementor-widget-container\">\n\t\t\t\t\t<h2 class=\"elementor-heading-title elementor-size-default\">Objetivos de la programaci\u00f3n sin fines de lucro para la juventud de Gal\u00e1pagos<\/h2>\t\t\t\t<\/div>\n\t\t\t\t<\/div>\n\t\t\t\t<div class=\"elementor-element elementor-element-c8922ec elementor-widget elementor-widget-text-editor\" data-id=\"c8922ec\" data-element_type=\"widget\" data-widget_type=\"text-editor.default\">\n\t\t\t\t<div class=\"elementor-widget-container\">\n\t\t\t\t\t\t\t\t\tLa Fundaci\u00f3n Naveducando ofrece programas educativos para los estudiantes de 7mo curso de Gal\u00e1pagos, alent\u00e1ndolos a cultivar una actitud solidaria por la naturaleza.  Estos programas los preparan para las oportunidades y desaf\u00edos que enfrentar\u00e1n como la pr\u00f3xima generaci\u00f3n de l\u00edderes encargados de proteger el archipi\u00e9lago. Nos esforzamos por hacer que nuestras lecciones sobre ecosistemas, sostenibilidad y conservaci\u00f3n sean tanto personalmente relevantes como viables para fomentar una vida m\u00e1s reflexiva cada d\u00eda.\t\t\t\t\t\t\t\t<\/div>\n\t\t\t\t<\/div>\n\t\t\t\t<div class=\"elementor-element elementor-element-8cbfa89 elementor-align-center elementor-widget__width-initial elementor-widget elementor-widget-button\" data-id=\"8cbfa89\" data-element_type=\"widget\" data-widget_type=\"button.default\">\n\t\t\t\t<div class=\"elementor-widget-container\">\n\t\t\t\t\t\t\t\t\t<div class=\"elementor-button-wrapper\">\n\t\t\t\t\t<a class=\"elementor-button elementor-button-link elementor-size-sm\" href=\"\/es\/programs\/\">\n\t\t\t\t\t\t<span class=\"elementor-button-content-wrapper\">\n\t\t\t\t\t\t\t\t\t<span class=\"elementor-button-text\">M\u00e1s sobre nuestros programas<\/span>\n\t\t\t\t\t<\/span>\n\t\t\t\t\t<\/a>\n\t\t\t\t<\/div>\n\t\t\t\t\t\t\t\t<\/div>\n\t\t\t\t<\/div>\n\t\t\t\t\t<\/div>\n\t\t<\/div>\n\t\t\t\t\t<\/div>\n\t\t<\/section>\n\t\t\t\t<section class=\"elementor-section elementor-top-section elementor-element elementor-element-cb68de3 elementor-section-boxed elementor-section-height-default elementor-section-height-default\" data-id=\"cb68de3\" data-element_type=\"section\" data-settings=\"{&quot;background_background&quot;:&quot;classic&quot;}\">\n\t\t\t\t\t\t<div class=\"elementor-container elementor-column-gap-default\">\n\t\t\t\t\t<div class=\"elementor-column elementor-col-100 elementor-top-column elementor-element elementor-element-710644e\" data-id=\"710644e\" data-element_type=\"column\">\n\t\t\t<div class=\"elementor-widget-wrap elementor-element-populated\">\n\t\t\t\t\t\t<div class=\"elementor-element elementor-element-fc0702e elementor-widget elementor-widget-spacer\" data-id=\"fc0702e\" data-element_type=\"widget\" data-widget_type=\"spacer.default\">\n\t\t\t\t<div class=\"elementor-widget-container\">\n\t\t\t\t\t\t\t<div class=\"elementor-spacer\">\n\t\t\t<div class=\"elementor-spacer-inner\"><\/div>\n\t\t<\/div>\n\t\t\t\t\t\t<\/div>\n\t\t\t\t<\/div>\n\t\t\t\t<div class=\"elementor-element elementor-element-d46428c elementor-widget elementor-widget-heading\" data-id=\"d46428c\" data-element_type=\"widget\" data-widget_type=\"heading.default\">\n\t\t\t\t<div class=\"elementor-widget-container\">\n\t\t\t\t\t<h2 class=\"elementor-heading-title elementor-size-default\">Iniciativa de educaci\u00f3n: Gal\u00e1pagos Infinito<\/h2>\t\t\t\t<\/div>\n\t\t\t\t<\/div>\n\t\t\t\t<section class=\"elementor-section elementor-inner-section elementor-element elementor-element-fc0ed02 elementor-section-boxed elementor-section-height-default elementor-section-height-default\" data-id=\"fc0ed02\" data-element_type=\"section\">\n\t\t\t\t\t\t<div class=\"elementor-container elementor-column-gap-default\">\n\t\t\t\t\t<div class=\"elementor-column elementor-col-50 elementor-inner-column elementor-element elementor-element-28b9878\" data-id=\"28b9878\" data-element_type=\"column\">\n\t\t\t<div class=\"elementor-widget-wrap elementor-element-populated\">\n\t\t\t\t\t\t<div class=\"elementor-element elementor-element-6107a65 elementor-widget elementor-widget-text-editor\" data-id=\"6107a65\" data-element_type=\"widget\" data-widget_type=\"text-editor.default\">\n\t\t\t\t<div class=\"elementor-widget-container\">\n\t\t\t\t\t\t\t\t\t<p><span style=\"font-weight: 400;\">Gal\u00e1pagos Infinito es el programa de educaci\u00f3n experiencial de Naveducano que busca llevar a todos los estudiantes de 12 a\u00f1os de las Islas Gal\u00e1pagos a conocer sus islas, disfrutar del mar y fortalecer su cultura isle\u00f1a a trav\u00e9s de una profunda conexi\u00f3n con su entorno.\u00a0<\/span><span style=\"background-color: var( --e-global-color-83be6d9 ); color: var( --e-global-color-cdea07a ); font-family: var( --e-global-typography-text-font-family ), Sans-serif; font-size: var( --e-global-typography-text-font-size );\">\u00a1As\u00ed se convertir\u00e1n en los guardianes que el archipi\u00e9lago necesita!<\/span><\/p><p>Vea el v\u00eddeo de nuestro primer viaje, en el que 12 estudiantes de Isabela viajaron a Santa Cruz, Santa Fe, Plazas, Sombrero Chino, Bartolom\u00e9, Puerto Egas, R\u00e1bida y Seymour Norte en un crucero educativo de 4 d\u00edas.<\/p><p>\u00a0<\/p><p>Aprendieron a nadar, bucear, hacer snorkel, kayak y tambi\u00e9n sobre la naturaleza m\u00e1s bella de las islas, su origen y todo lo que podemos hacer para cuidarlas.<\/p>\t\t\t\t\t\t\t\t<\/div>\n\t\t\t\t<\/div>\n\t\t\t\t<div class=\"elementor-element elementor-element-9ad4fbe elementor-align-center elementor-widget elementor-widget-button\" data-id=\"9ad4fbe\" data-element_type=\"widget\" data-widget_type=\"button.default\">\n\t\t\t\t<div class=\"elementor-widget-container\">\n\t\t\t\t\t\t\t\t\t<div class=\"elementor-button-wrapper\">\n\t\t\t\t\t<a class=\"elementor-button elementor-button-link elementor-size-sm\" href=\"https:\/\/naveducando.org\/es\/galapagos-infinito\/\">\n\t\t\t\t\t\t<span class=\"elementor-button-content-wrapper\">\n\t\t\t\t\t\t\t\t\t<span class=\"elementor-button-text\">M\u00e1s informaci\u00f3n sobre Galapaogs Infinito<\/span>\n\t\t\t\t\t<\/span>\n\t\t\t\t\t<\/a>\n\t\t\t\t<\/div>\n\t\t\t\t\t\t\t\t<\/div>\n\t\t\t\t<\/div>\n\t\t\t\t\t<\/div>\n\t\t<\/div>\n\t\t\t\t<div class=\"elementor-column elementor-col-50 elementor-inner-column elementor-element elementor-element-f944086\" data-id=\"f944086\" data-element_type=\"column\">\n\t\t\t<div class=\"elementor-widget-wrap elementor-element-populated\">\n\t\t\t\t\t\t<div class=\"elementor-element elementor-element-f60e121 elementor-widget elementor-widget-video\" data-id=\"f60e121\" data-element_type=\"widget\" data-settings=\"{&quot;youtube_url&quot;:&quot;https:\\\/\\\/www.youtube.com\\\/watch?v=93PxDWtsX3M&quot;,&quot;video_type&quot;:&quot;youtube&quot;,&quot;controls&quot;:&quot;yes&quot;}\" data-widget_type=\"video.default\">\n\t\t\t\t<div class=\"elementor-widget-container\">\n\t\t\t\t\t\t\t<div class=\"elementor-wrapper elementor-open-inline\">\n\t\t\t<div class=\"elementor-video\"><\/div>\t\t<\/div>\n\t\t\t\t\t\t<\/div>\n\t\t\t\t<\/div>\n\t\t\t\t\t<\/div>\n\t\t<\/div>\n\t\t\t\t\t<\/div>\n\t\t<\/section>\n\t\t\t\t<div class=\"elementor-element elementor-element-60b1c06 elementor-widget elementor-widget-spacer\" data-id=\"60b1c06\" data-element_type=\"widget\" data-widget_type=\"spacer.default\">\n\t\t\t\t<div class=\"elementor-widget-container\">\n\t\t\t\t\t\t\t<div class=\"elementor-spacer\">\n\t\t\t<div class=\"elementor-spacer-inner\"><\/div>\n\t\t<\/div>\n\t\t\t\t\t\t<\/div>\n\t\t\t\t<\/div>\n\t\t\t\t<div class=\"elementor-element elementor-element-ceac725 elementor-widget elementor-widget-read-more\" data-id=\"ceac725\" data-element_type=\"widget\" data-widget_type=\"read-more.default\">\n\t\t\t\t<div class=\"elementor-widget-container\">\n\t\t\t\t\t<\/div><\/div><\/div><\/div><\/div><\/section><\/div> <a href=\"https:\/\/naveducando.org\/es\/the-value-of-cooperation-in-our-field-of-work\/#more-3078\" class=\"more-link elementor-more-link\"><span aria-label=\"Sigue leyendo Cooperaci\u00f3n para la sostenibilidad en Gal\u00e1pagos\">Seguir leyendo<\/span><\/a>","protected":false},"excerpt":{"rendered":"<p>Apertura<\/p>","protected":false},"author":9,"featured_media":0,"parent":0,"menu_order":0,"comment_status":"closed","ping_status":"closed","template":"","meta":{"om_disable_all_campaigns":false,"_monsterinsights_skip_tracking":false,"_monsterinsights_sitenote_active":false,"_monsterinsights_sitenote_note":"","_monsterinsights_sitenote_category":0,"_uf_show_specific_survey":0,"_uf_disable_surveys":false,"footnotes":""},"class_list":["post-2994","page","type-page","status-publish","hentry"],"aioseo_notices":[],"yoast_head":"<!-- This site is optimized with the Yoast SEO plugin v25.7 - https:\/\/yoast.com\/wordpress\/plugins\/seo\/ -->\n<title>Home - Naveducando Galapagos<\/title>\n<meta name=\"description\" content=\"Naveducando delivers educational programs for Galapagos students, encouraging them to cultivate a caring attitude for the natural world.\" \/>\n<meta name=\"robots\" content=\"index, follow, max-snippet:-1, max-image-preview:large, max-video-preview:-1\" \/>\n<link rel=\"canonical\" href=\"https:\/\/naveducando.org\/es\/\" \/>\n<meta property=\"og:locale\" content=\"es_ES\" \/>\n<meta property=\"og:type\" content=\"article\" \/>\n<meta property=\"og:title\" content=\"Home - Naveducando Galapagos\" \/>\n<meta property=\"og:description\" content=\"Naveducando delivers educational programs for Galapagos students, encouraging them to cultivate a caring attitude for the natural world.\" \/>\n<meta property=\"og:url\" content=\"https:\/\/naveducando.org\/es\/\" \/>\n<meta property=\"og:site_name\" content=\"Naveducando\" \/>\n<meta property=\"article:modified_time\" content=\"2024-12-10T15:39:44+00:00\" \/>\n<meta name=\"twitter:card\" content=\"summary_large_image\" \/>\n<meta name=\"twitter:label1\" content=\"Tiempo de lectura\" \/>\n\t<meta name=\"twitter:data1\" content=\"3 minutos\" \/>\n<script type=\"application\/ld+json\" class=\"yoast-schema-graph\">{\"@context\":\"https:\/\/schema.org\",\"@graph\":[{\"@type\":\"WebPage\",\"@id\":\"https:\/\/naveducando.org\/en\/\",\"url\":\"https:\/\/naveducando.org\/en\/\",\"name\":\"Home - Naveducando Galapagos\",\"isPartOf\":{\"@id\":\"https:\/\/naveducando.org\/en\/#website\"},\"datePublished\":\"2024-11-20T14:38:57+00:00\",\"dateModified\":\"2024-12-10T15:39:44+00:00\",\"description\":\"Naveducando delivers educational programs for Galapagos students, encouraging them to cultivate a caring attitude for the natural world.\",\"breadcrumb\":{\"@id\":\"https:\/\/naveducando.org\/en\/#breadcrumb\"},\"inLanguage\":\"es\",\"potentialAction\":[{\"@type\":\"ReadAction\",\"target\":[\"https:\/\/naveducando.org\/en\/\"]}]},{\"@type\":\"BreadcrumbList\",\"@id\":\"https:\/\/naveducando.org\/en\/#breadcrumb\",\"itemListElement\":[{\"@type\":\"ListItem\",\"position\":1,\"name\":\"Home\",\"item\":\"https:\/\/naveducando.org\/en\/\"},{\"@type\":\"ListItem\",\"position\":2,\"name\":\"Home\"}]},{\"@type\":\"WebSite\",\"@id\":\"https:\/\/naveducando.org\/en\/#website\",\"url\":\"https:\/\/naveducando.org\/en\/\",\"name\":\"Naveducando\",\"description\":\"Opening Minds and Hearts for Galapagos\",\"potentialAction\":[{\"@type\":\"SearchAction\",\"target\":{\"@type\":\"EntryPoint\",\"urlTemplate\":\"https:\/\/naveducando.org\/en\/?s={search_term_string}\"},\"query-input\":{\"@type\":\"PropertyValueSpecification\",\"valueRequired\":true,\"valueName\":\"search_term_string\"}}],\"inLanguage\":\"es\"}]}<\/script>\n<!-- \/ Yoast SEO plugin. -->","yoast_head_json":{"title":"Home - Naveducando Galapagos","description":"Naveducando delivers educational programs for Galapagos students, encouraging them to cultivate a caring attitude for the natural world.","robots":{"index":"index","follow":"follow","max-snippet":"max-snippet:-1","max-image-preview":"max-image-preview:large","max-video-preview":"max-video-preview:-1"},"canonical":"https:\/\/naveducando.org\/es\/","og_locale":"es_ES","og_type":"article","og_title":"Home - Naveducando Galapagos","og_description":"Naveducando delivers educational programs for Galapagos students, encouraging them to cultivate a caring attitude for the natural world.","og_url":"https:\/\/naveducando.org\/es\/","og_site_name":"Naveducando","article_modified_time":"2024-12-10T15:39:44+00:00","twitter_card":"summary_large_image","twitter_misc":{"Tiempo de lectura":"3 minutos"},"schema":{"@context":"https:\/\/schema.org","@graph":[{"@type":"WebPage","@id":"https:\/\/naveducando.org\/en\/","url":"https:\/\/naveducando.org\/en\/","name":"Home - Naveducando Galapagos","isPartOf":{"@id":"https:\/\/naveducando.org\/en\/#website"},"datePublished":"2024-11-20T14:38:57+00:00","dateModified":"2024-12-10T15:39:44+00:00","description":"Naveducando delivers educational programs for Galapagos students, encouraging them to cultivate a caring attitude for the natural world.","breadcrumb":{"@id":"https:\/\/naveducando.org\/en\/#breadcrumb"},"inLanguage":"es","potentialAction":[{"@type":"ReadAction","target":["https:\/\/naveducando.org\/en\/"]}]},{"@type":"BreadcrumbList","@id":"https:\/\/naveducando.org\/en\/#breadcrumb","itemListElement":[{"@type":"ListItem","position":1,"name":"Home","item":"https:\/\/naveducando.org\/en\/"},{"@type":"ListItem","position":2,"name":"Home"}]},{"@type":"WebSite","@id":"https:\/\/naveducando.org\/en\/#website","url":"https:\/\/naveducando.org\/en\/","name":"Naveducando","description":"Abriendo mentes y corazones para Gal\u00e1pagos","potentialAction":[{"@type":"SearchAction","target":{"@type":"EntryPoint","urlTemplate":"https:\/\/naveducando.org\/en\/?s={search_term_string}"},"query-input":{"@type":"PropertyValueSpecification","valueRequired":true,"valueName":"search_term_string"}}],"inLanguage":"es"}]}},"_links":{"self":[{"href":"https:\/\/naveducando.org\/es\/wp-json\/wp\/v2\/pages\/2994","targetHints":{"allow":["GET"]}}],"collection":[{"href":"https:\/\/naveducando.org\/es\/wp-json\/wp\/v2\/pages"}],"about":[{"href":"https:\/\/naveducando.org\/es\/wp-json\/wp\/v2\/types\/page"}],"author":[{"embeddable":true,"href":"https:\/\/naveducando.org\/es\/wp-json\/wp\/v2\/users\/9"}],"replies":[{"embeddable":true,"href":"https:\/\/naveducando.org\/es\/wp-json\/wp\/v2\/comments?post=2994"}],"version-history":[{"count":0,"href":"https:\/\/naveducando.org\/es\/wp-json\/wp\/v2\/pages\/2994\/revisions"}],"wp:attachment":[{"href":"https:\/\/naveducando.org\/es\/wp-json\/wp\/v2\/media?parent=2994"}],"curies":[{"name":"wp","href":"https:\/\/api.w.org\/{rel}","templated":true}]}}